{"id":957,"date":"2021-01-28T01:34:55","date_gmt":"2021-01-28T01:34:55","guid":{"rendered":"http:\/\/wordpress.colinvegafletes.com\/?page_id=957"},"modified":"2024-01-04T22:41:19","modified_gmt":"2024-01-04T22:41:19","slug":"aviso-de-privacidad","status":"publish","type":"page","link":"https:\/\/colinvegafletes.com\/english\/aviso-de-privacidad\/","title":{"rendered":"Aviso de Privacidad"},"content":{"rendered":"\t\t<div data-elementor-type=\"wp-page\" data-elementor-id=\"957\" class=\"elementor elementor-957\" data-elementor-post-type=\"page\">\n\t\t\t\t\t\t<section class=\"has_eae_slider elementor-section elementor-top-section elementor-element elementor-element-0ccb983 elementor-section-boxed elementor-section-height-default elementor-section-height-default\" data-id=\"0ccb983\" data-element_type=\"section\" data-e-type=\"section\">\n\t\t\t\t\t\t<div class=\"elementor-container elementor-column-gap-default\">\n\t\t\t\t\t<div class=\"has_eae_slider elementor-column elementor-col-100 elementor-top-column elementor-element elementor-element-729e556\" data-id=\"729e556\" data-element_type=\"column\" data-e-type=\"column\">\n\t\t\t<div class=\"elementor-widget-wrap elementor-element-populated\">\n\t\t\t\t\t\t<div class=\"elementor-element elementor-element-60d68e3 elementor-widget elementor-widget-text-editor\" data-id=\"60d68e3\" data-element_type=\"widget\" data-e-type=\"widget\" data-widget_type=\"text-editor.default\">\n\t\t\t\t<div class=\"elementor-widget-container\">\n\t\t\t\t\t\t\t\t\t<p><span style=\"color: #000000;\"><strong>LEA CUIDADOSAMENTE LOS SIGUIENTES T\u00c9RMINOS ANTES DE COMPARTIR CUALQUIER DATO O INFORMACI\u00d3N.<\/strong><\/span><\/p>\t\t\t\t\t\t\t\t<\/div>\n\t\t\t\t<\/div>\n\t\t\t\t<div class=\"elementor-element elementor-element-9b37cfd elementor-widget elementor-widget-text-editor\" data-id=\"9b37cfd\" data-element_type=\"widget\" data-e-type=\"widget\" data-widget_type=\"text-editor.default\">\n\t\t\t\t<div class=\"elementor-widget-container\">\n\t\t\t\t\t\t\t\t\t<p>De conformidad con lo establecido por la Ley Federal de Protecci\u00f3n de Datos Personales en Posesi\u00f3n de los Particulares (en adelante \u201cLey de Protecci\u00f3n de Datos\u201d) y su Reglamento, con el fin de garantizar la privacidad y el derecho a la autodeterminaci\u00f3n de los usuarios del sitio web https:\/\/colinvegafletes.com\/english\/colinvegafletes (en adelante \u201cSitio Web\u201d), de los clientes y\/o de las personas que previo su consentimiento y de manera voluntaria hayan decidido compartir sus datos personales (en adelante y en su conjunto \u201cUsuarios\u201d), se informa lo siguiente:<br \/><br \/><strong>Identidad y domicilio del responsable<\/strong><br \/><br \/><strong>COLIN VEGA, S.C.<\/strong>\u00a0(en adelante\u00a0<strong>\u201cCOLIN VEGA\u201d<\/strong>\u00a0o \u201cFirma\u201d, indistintamente) con domicilio ubicado en Boulevard Manuel \u00c1vila Camacho n\u00famero 76, interior 203, colonia Lomas de Chapultepec, delegaci\u00f3n Miguel Hidalgo, c\u00f3digo postal 11000, Ciudad de M\u00e9xico, M\u00e9xico, tel\u00e9fono +52 (55) 5540 2932, ser\u00e1 responsable del tratamiento, uso, almacenamiento y divulgaci\u00f3n de sus datos personales.<br \/><br \/><strong>Datos personales que se recaban<\/strong><br \/><br \/><strong>COLIN VEGA<\/strong>\u00a0podr\u00e1 recabar los siguientes datos personales:\u00a0<strong>(i)<\/strong>\u00a0nombre;\u00a0<strong>(ii)<\/strong>\u00a0domicilio de contacto;\u00a0<strong>(iii)<\/strong>\u00a0compa\u00f1\u00eda y cargo que ocupa en la misma;\u00a0<strong>(iv)<\/strong>\u00a0tel\u00e9fono fijo y\/o celular; y\u00a0<strong>(v)<\/strong>\u00a0correo electr\u00f3nico.<br \/><br \/>En caso de solicitantes de empleo, COLIN VEGA recabar\u00e1 adicionalmente:\u00a0<strong>(i)<\/strong>\u00a0sexo;\u00a0<strong>(ii)<\/strong>\u00a0fecha de nacimiento;\u00a0<strong>(iii)<\/strong>\u00a0grado de estudios;\u00a0<strong>(iv)<\/strong>\u00a0idiomas y nivel;\u00a0<strong>(v)<\/strong>\u00a0datos curriculares, experiencia profesional y \u00e1reas de pr\u00e1ctica de preferencia;\u00a0<strong>(vi)<\/strong>\u00a0motivos para trabajar en la Firma; y\u00a0<strong>(vii)<\/strong>\u00a0<em>curriculum vitae<\/em>.<br \/><br \/><strong>Medios de obtenci\u00f3n de datos personales.<\/strong><br \/><br \/><strong>COLIN VEGA<\/strong>\u00a0podr\u00e1 obtener sus datos personales a trav\u00e9s del entorno digital como lo es el Sitio Web, comunicaciones electr\u00f3nicas o mediante correspondencia que establezca con la Firma, tarjetas de presentaci\u00f3n, comunicaciones por tel\u00e9fono, llenado de formularios y\/o solicitudes de empleo que haga llegar.<br \/><br \/>Le informamos que\u00a0<strong>COLIN VEGA<\/strong>\u00a0no obtiene datos en forma autom\u00e1tica a trav\u00e9s de\u00a0<em>cookies<\/em>\u00a0o\u00a0<em>web beacons<\/em>.<br \/><br \/><strong>Finalidad del tratamiento de datos personales<\/strong><br \/><br \/>Los datos personales que recabe\u00a0<strong>COLIN VEGA<\/strong>\u00a0se administrar\u00e1n y tratar\u00e1n conforme a la gesti\u00f3n general de la Firma con el objetivo de llevar a cabo la prestaci\u00f3n de servicios legales, teniendo como finalidades primarias las siguientes:\u00a0<strong>(i)<\/strong>\u00a0establecer contacto con aquellas personas que as\u00ed lo hayan solicitado;\u00a0<strong>(ii)<\/strong>\u00a0responder a una solicitud de informaci\u00f3n para la prestaci\u00f3n de servicios;\u00a0<strong>(iii)<\/strong>\u00a0contestar solicitudes de empleo;\u00a0<strong>(iv)<\/strong>\u00a0tramitar y brindar seguimiento a los servicios legales que se hayan contratado con la Firma;\u00a0<strong>(v)<\/strong>\u00a0mantener actualizada la relaci\u00f3n jur\u00eddica que exista entre los Usuarios y la Firma;\u00a0<strong>(vi)<\/strong>\u00a0realizar labores de facturaci\u00f3n, aclaraciones y seguimiento de cobro; y\u00a0<strong>(vii)<\/strong>\u00a0enviar notificaciones con respecto a cambios en este Aviso de Privacidad.<br \/><br \/>De igual forma\u00a0<strong>COLIN VEGA<\/strong>\u00a0podr\u00e1 tratar sus datos personales para las siguientes finalidades secundarias:\u00a0<strong>(i)<\/strong>\u00a0enviar informaci\u00f3n, revistas y noticias legales o de temas que se considere puedan interesarle, as\u00ed como noticias, comunicaciones o publicidad de la Firma;\u00a0<strong>(ii)<\/strong>\u00a0enviar invitaciones a conferencias, seminarios y eventos culturales o sociales en los que participe\u00a0<strong>COLIN VEGA<\/strong>; y\/o\u00a0<strong>(iii)<\/strong>\u00a0enviar comunicaciones e invitaciones para participar en proyectos de la Firma o en aquellos que se considere puedan interesarle.<br \/><br \/>En caso de que no desee que se traten sus datos personales para las finalidades secundarias antes mencionadas, favor de manifestar su negativa para tal efecto a trav\u00e9s de correo electr\u00f3nico dirigido a contacto@colinvegafletes.com o de comunicaci\u00f3n escrita entregada en el domicilio de\u00a0<strong>COLIN VEGA<\/strong>\u00a0ubicado en Boulevard Manuel \u00c1vila Camacho n\u00famero 76, interior 203, colonia Lomas de Chapultepec, delegaci\u00f3n Miguel Hidalgo, c\u00f3digo postal 11000, Ciudad de M\u00e9xico, M\u00e9xico, tel\u00e9fono +52 (55) 5540 2932.<br \/><br \/>Los datos personales que se recaben formar\u00e1n parte de una base de datos que permanecer\u00e1 vigente durante el periodo que\u00a0<strong>COLIN VEGA<\/strong>\u00a0considere necesario para cumplir las finalidades que motivaron su obtenci\u00f3n. Una vez concluidas \u00e9stas, sus datos se bloquear\u00e1n y cancelar\u00e1n para su posterior supresi\u00f3n de conformidad con la Ley de Protecci\u00f3n de Datos.<br \/><br \/>Los datos personales que recabe\u00a0<strong>COLIN VEGA<\/strong>\u00a0no ser\u00e1n transferidos a ning\u00fan tercero, salvo los casos establecidos en la Ley de Protecci\u00f3n de Datos, su Reglamento y\/o cualquier otra normatividad que as\u00ed lo autorice.<br \/><br \/><strong>Medidas de seguridad<\/strong><br \/><br \/><strong>COLIN VEGA<\/strong>\u00a0adoptar\u00e1 todas y cada una de las medidas de seguridad administrativas, f\u00edsicas y t\u00e9cnicas necesarias para salvaguardar la informaci\u00f3n personal que voluntariamente se le proporcione, respecto de cualquier da\u00f1o, p\u00e9rdida, alteraci\u00f3n, destrucci\u00f3n o el uso, acceso o tratamiento no autorizado. De igual manera, en caso de que un tercero necesite conocer de dicha informaci\u00f3n, la Firma lo obligar\u00e1 a cumplir con el presente Aviso de Privacidad, as\u00ed como a adoptar las medidas de seguridad administrativas, f\u00edsicas y t\u00e9cnicas establecidas en la Ley de Protecci\u00f3n de Datos.<br \/><br \/><strong>COLIN VEGA<\/strong>, incluso con posterioridad a que concluya la relaci\u00f3n entablada con el titular de los datos personales, se compromete a guardar la confidencialidad de los mismos.<br \/><br \/><strong>Medios para ejercer los derechos de acceso, rectificaci\u00f3n, cancelaci\u00f3n u oposici\u00f3n al tratamiento de datos personales<\/strong><br \/><br \/>Usted tiene derecho de acceder a los datos personales que le pertenezcan y que\u00a0<strong>COLIN VEGA<\/strong>\u00a0posea, as\u00ed como a conocer los detalles del tratamiento que haga de los mismos, rectificarlos en caso de ser inexactos, solicitar su cancelaci\u00f3n cuando considere que resultan excesivos o innecesarios para las finalidades que justificaron su obtenci\u00f3n u oponerse a su tratamiento para fines espec\u00edficos.<br \/><br \/>Para ejercer los anteriores derechos favor de contactar al departamento de datos personales de\u00a0<strong>COLIN VEGA<\/strong>\u00a0ubicado en Boulevard Manuel \u00c1vila Camacho n\u00famero 76, interior 203, colonia Lomas de Chapultepec, delegaci\u00f3n Miguel Hidalgo, c\u00f3digo postal 11000, Ciudad de M\u00e9xico, M\u00e9xico, tel\u00e9fono +52 (55) 5540 2932 o enviar correo electr\u00f3nico dirigido a contacto@colinvegafletes.com<br \/><br \/>Cualquier solicitud relativa al ejercicio de los derechos referidos deber\u00e1 contener lo siguiente:\u00a0<strong>i)<\/strong>\u00a0nombre y domicilio para entregar la respuesta relativa;\u00a0<strong>ii)<\/strong>\u00a0copia de la credencial para votar, pasaporte, licencia para conducir, c\u00e9dula profesional o cualquier otra constancia que acredite su identidad o la de su representante legal, en cuyo caso tambi\u00e9n ser\u00e1 necesario acompa\u00f1ar el documento con que acredite sus facultades;\u00a0<strong>iii)<\/strong>\u00a0descripci\u00f3n clara y precisa de los datos personales sobre los que se busca ejercer alguno de los derechos de acceso, rectificaci\u00f3n, cancelaci\u00f3n u oposici\u00f3n a su tratamiento;\u00a0<strong>iv)<\/strong>\u00a0cualquier otro elemento o documento que facilite la localizaci\u00f3n de dichos datos personales; y\u00a0<strong>v)<\/strong>\u00a0cualquier otro requisito establecido por la Ley de Protecci\u00f3n de Datos, su Reglamento y\/o dem\u00e1s disposiciones aplicables.<br \/><br \/><strong>COLIN VEGA<\/strong>\u00a0responder\u00e1 cualquier solicitud que satisfaga los requisitos enlistados, en un plazo de 20 d\u00edas naturales o en el m\u00e1ximo legalmente permitido. La respuesta de la Firma indicar\u00e1 si la solicitud de acceso, rectificaci\u00f3n, cancelaci\u00f3n u oposici\u00f3n es procedente, en cuyo caso, har\u00e1 efectiva la determinaci\u00f3n dentro de los 15 d\u00edas naturales siguientes a la fecha en que se comunique o dentro del t\u00e9rmino establecido por la legislaci\u00f3n aplicable. Los plazos podr\u00e1n ser ampliados de conformidad con lo que se\u00f1ale la normatividad en la materia.<br \/><br \/>Si requiere mayor informaci\u00f3n para ejercer los derechos de acceso, rectificaci\u00f3n, cancelaci\u00f3n u oposici\u00f3n al tratamiento de datos personales, favor de contactar al departamento de datos personales de\u00a0<strong>COLIN VEGA<\/strong>\u00a0ubicado en Boulevard Manuel \u00c1vila Camacho n\u00famero 76, interior 203, colonia Lomas de Chapultepec, delegaci\u00f3n Miguel Hidalgo, c\u00f3digo postal 11000, Ciudad de M\u00e9xico, M\u00e9xico, tel\u00e9fono +52 (55) 5540 2932 o enviar correo electr\u00f3nico dirigido a contacto@colinvegafletes.com. Asimismo, en caso de que lo requiera, se pondr\u00e1 a su disposici\u00f3n de manera electr\u00f3nica la relaci\u00f3n con que cuente la Firma respecto de sus datos personales.<br \/><br \/><strong>\u00bfC\u00f3mo puede limitar el uso o divulgaci\u00f3n de sus datos personales?<\/strong><br \/><br \/>Usted tiene derecho de limitar el uso o divulgaci\u00f3n de sus datos personales para las finalidades que no son necesarias en funci\u00f3n de la relaci\u00f3n jur\u00eddica sostenida con\u00a0<strong>COLIN VEGA<\/strong>, por lo que si desea dejar de recibir informaci\u00f3n, art\u00edculos y\/o noticias por parte de la Firma, favor de contactar al departamento de datos personales ubicado en Boulevard Manuel \u00c1vila Camacho n\u00famero 76, interior 203, colonia Lomas de Chapultepec, delegaci\u00f3n Miguel Hidalgo, c\u00f3digo postal 11000, Ciudad de M\u00e9xico, M\u00e9xico, tel\u00e9fono +52 (55) 5540 2932 o enviar correo electr\u00f3nico dirigido a contacto@colinvegafletes.com indicando dicha situaci\u00f3n, con el objeto de inscribirle en el listado de exclusi\u00f3n, del que se le otorgar\u00e1 una constancia electr\u00f3nica o f\u00edsica, seg\u00fan se solicite.<br \/><br \/>De la misma manera, se hace de su conocimiento que tiene derecho a impedir se le contacte por tel\u00e9fono para temas de publicidad inscribi\u00e9ndose en el Registro P\u00fablico para Evitar Publicidad de la Procuradur\u00eda Federal del Consumidor. Para mayor informaci\u00f3n favor de consultar la p\u00e1gina de internet www.profeco.gob.mx o llamar a los tel\u00e9fonos 9628 0000 o (01800) 962 8000.<br \/><br \/><strong>Transferencia de datos personales<\/strong><br \/><br \/>Los datos personales que sean recabados por la Firma no ser\u00e1n cedidos, vendidos, compartidos o transferidos, salvo en los casos previstos en la Ley de Protecci\u00f3n de Datos y\/o su Reglamento. Sin embargo,\u00a0<strong>COLIN VEGA<\/strong>\u00a0se reserva el derecho de compartir sus datos personales con los empleados, socios o terceros que traten los mismos por su cuenta, sujet\u00e1ndose, desde luego, a este Aviso de Privacidad y a sus instrucciones, incluyendo sociedades dedicadas a la prestaci\u00f3n de servicios legales en M\u00e9xico o en el extranjero con las que trabaje en forma conjunta, notarios, corredores p\u00fablicos y\/o empresas de tecnolog\u00eda de la informaci\u00f3n que le presten servicios inform\u00e1ticos. Cabe destacar que todo tercero que trate sus datos personales, lo har\u00e1 por cuenta de\u00a0<strong>COLIN VEGA<\/strong>\u00a0y siempre se encontrar\u00e1 sujeto a lo aqu\u00ed previsto.<br \/><br \/><strong>Modificaciones al Aviso de Privacidad<\/strong><br \/><br \/>El uso del Sitio Web implica el reconocimiento y aceptaci\u00f3n del presente Aviso de Privacidad, el cual contendr\u00e1, en su parte final, la fecha de su \u00faltima modificaci\u00f3n. En relaci\u00f3n con lo anterior,\u00a0<strong>COLIN VEGA<\/strong>\u00a0se reserva el derecho a modificar los t\u00e9rminos y condiciones del mismo, lo que ser\u00e1 publicado a trav\u00e9s del propio Sitio Web, al que tiene acceso cualquier interesado. Sin embargo, se recomienda revisarlo cada vez que haga uso del Sitio Web, a efecto de conocer los cambios, modificaciones o actualizaciones que le sean realizados.<br \/><br \/><strong>\u00bfAnte qui\u00e9n puede presentar las quejas o denuncias por el tratamiento indebido de sus datos personales?<\/strong><br \/><br \/>Si considera que su derecho de protecci\u00f3n de datos personales ha sido lesionado por alguna conducta de los empleados, actuaciones o respuestas de COLIN VEGA, o si presume que en el tratamiento de los mismos existi\u00f3 alguna violaci\u00f3n a las disposiciones previstas en la Ley de Protecci\u00f3n de Datos y\/o su Reglamento, podr\u00e1 interponer la queja o denuncia correspondiente ante el Instituto Nacional de Transparencia, Acceso a la Informaci\u00f3n y Protecci\u00f3n de Datos Personales. Para mayor informaci\u00f3n favor de consultar la p\u00e1gina de internet www.inai.org.mx<br \/><br \/>\u00daltima fecha de modificaci\u00f3n: 02 de febrero de 2019.<\/p>\t\t\t\t\t\t\t\t<\/div>\n\t\t\t\t<\/div>\n\t\t\t\t\t<\/div>\n\t\t<\/div>\n\t\t\t\t\t<\/div>\n\t\t<\/section>\n\t\t\t\t<\/div>\n\t\t","protected":false},"excerpt":{"rendered":"<p>LEA CUIDADOSAMENTE LOS SIGUIENTES T\u00c9RMINOS ANTES DE COMPARTIR CUALQUIER DATO O INFORMACI\u00d3N. De conformidad con lo establecido por la Ley Federal de Protecci\u00f3n de Datos Personales en Posesi\u00f3n de los Particulares (en adelante \u201cLey de Protecci\u00f3n de Datos\u201d) y su Reglamento, con el fin de garantizar la privacidad y el derecho a la autodeterminaci\u00f3n de [&hellip;]<\/p>\n","protected":false},"author":1,"featured_media":0,"parent":0,"menu_order":0,"comment_status":"closed","ping_status":"closed","template":"","meta":{"footnotes":""},"class_list":["post-957","page","type-page","status-publish","hentry"],"yoast_head":"<!-- This site is optimized with the Yoast SEO plugin v27.5 - https:\/\/yoast.com\/product\/yoast-seo-wordpress\/ -->\n<title>Consulta nuestro Aviso de Privacidad | Colin Vega Fletes<\/title>\n<meta name=\"description\" content=\"Colin Vega Fletes cuenta con dos ubicaciones estrat\u00e9gicas en Ciudad de M\u00e9xico y Madrid, Espa\u00f1a consulta el aviso de privacidad aqu\u00ed.\" \/>\n<meta name=\"robots\" content=\"index, follow, max-snippet:-1, max-image-preview:large, max-video-preview:-1\" \/>\n<link rel=\"canonical\" href=\"https:\/\/colinvegafletes.com\/english\/aviso-de-privacidad\/\" \/>\n<meta property=\"og:locale\" content=\"es_MX\" \/>\n<meta property=\"og:type\" content=\"article\" \/>\n<meta property=\"og:title\" content=\"Consulta nuestro Aviso de Privacidad | Colin Vega Fletes\" \/>\n<meta property=\"og:description\" content=\"Colin Vega Fletes cuenta con dos ubicaciones estrat\u00e9gicas en Ciudad de M\u00e9xico y Madrid, Espa\u00f1a consulta el aviso de privacidad aqu\u00ed.\" \/>\n<meta property=\"og:url\" content=\"https:\/\/colinvegafletes.com\/english\/aviso-de-privacidad\/\" \/>\n<meta property=\"og:site_name\" content=\"Colin Vega Fletes\" \/>\n<meta property=\"article:modified_time\" content=\"2024-01-04T22:41:19+00:00\" \/>\n<meta name=\"twitter:card\" content=\"summary_large_image\" \/>\n<meta name=\"twitter:label1\" content=\"Tiempo de lectura\" \/>\n\t<meta name=\"twitter:data1\" content=\"9 minutos\" \/>\n<script type=\"application\/ld+json\" class=\"yoast-schema-graph\">{\"@context\":\"https:\\\/\\\/schema.org\",\"@graph\":[{\"@type\":\"WebPage\",\"@id\":\"https:\\\/\\\/colinvegafletes.com\\\/english\\\/aviso-de-privacidad\\\/\",\"url\":\"https:\\\/\\\/colinvegafletes.com\\\/english\\\/aviso-de-privacidad\\\/\",\"name\":\"Consulta nuestro Aviso de Privacidad | Colin Vega Fletes\",\"isPartOf\":{\"@id\":\"https:\\\/\\\/colinvegafletes.com\\\/english\\\/#website\"},\"datePublished\":\"2021-01-28T01:34:55+00:00\",\"dateModified\":\"2024-01-04T22:41:19+00:00\",\"description\":\"Colin Vega Fletes cuenta con dos ubicaciones estrat\u00e9gicas en Ciudad de M\u00e9xico y Madrid, Espa\u00f1a consulta el aviso de privacidad aqu\u00ed.\",\"inLanguage\":\"es\",\"potentialAction\":[{\"@type\":\"ReadAction\",\"target\":[\"https:\\\/\\\/colinvegafletes.com\\\/english\\\/aviso-de-privacidad\\\/\"]}]},{\"@type\":\"WebSite\",\"@id\":\"https:\\\/\\\/colinvegafletes.com\\\/english\\\/#website\",\"url\":\"https:\\\/\\\/colinvegafletes.com\\\/english\\\/\",\"name\":\"Colin Vega Fletes\",\"description\":\"Colin Vega Fletes es un despacho de abogados en el sector asegurador y reasegurador en M\u00e9xico y Madrid\",\"publisher\":{\"@id\":\"https:\\\/\\\/colinvegafletes.com\\\/english\\\/#organization\"},\"potentialAction\":[{\"@type\":\"SearchAction\",\"target\":{\"@type\":\"EntryPoint\",\"urlTemplate\":\"https:\\\/\\\/colinvegafletes.com\\\/english\\\/?s={search_term_string}\"},\"query-input\":{\"@type\":\"PropertyValueSpecification\",\"valueRequired\":true,\"valueName\":\"search_term_string\"}}],\"inLanguage\":\"es\"},{\"@type\":\"Organization\",\"@id\":\"https:\\\/\\\/colinvegafletes.com\\\/english\\\/#organization\",\"name\":\"Colin Vega Fletes\",\"url\":\"https:\\\/\\\/colinvegafletes.com\\\/english\\\/\",\"logo\":{\"@type\":\"ImageObject\",\"inLanguage\":\"es\",\"@id\":\"https:\\\/\\\/colinvegafletes.com\\\/english\\\/#\\\/schema\\\/logo\\\/image\\\/\",\"url\":\"https:\\\/\\\/colinvegafletes.com\\\/english\\\/wp-content\\\/uploads\\\/2021\\\/01\\\/logo-colin-vega.png\",\"contentUrl\":\"https:\\\/\\\/colinvegafletes.com\\\/english\\\/wp-content\\\/uploads\\\/2021\\\/01\\\/logo-colin-vega.png\",\"width\":275,\"height\":40,\"caption\":\"Colin Vega Fletes\"},\"image\":{\"@id\":\"https:\\\/\\\/colinvegafletes.com\\\/english\\\/#\\\/schema\\\/logo\\\/image\\\/\"}}]}<\/script>\n<!-- \/ Yoast SEO plugin. -->","yoast_head_json":{"title":"Consulta nuestro Aviso de Privacidad | Colin Vega Fletes","description":"Colin Vega Fletes cuenta con dos ubicaciones estrat\u00e9gicas en Ciudad de M\u00e9xico y Madrid, Espa\u00f1a consulta el aviso de privacidad aqu\u00ed.","robots":{"index":"index","follow":"follow","max-snippet":"max-snippet:-1","max-image-preview":"max-image-preview:large","max-video-preview":"max-video-preview:-1"},"canonical":"https:\/\/colinvegafletes.com\/english\/aviso-de-privacidad\/","og_locale":"es_MX","og_type":"article","og_title":"Consulta nuestro Aviso de Privacidad | Colin Vega Fletes","og_description":"Colin Vega Fletes cuenta con dos ubicaciones estrat\u00e9gicas en Ciudad de M\u00e9xico y Madrid, Espa\u00f1a consulta el aviso de privacidad aqu\u00ed.","og_url":"https:\/\/colinvegafletes.com\/english\/aviso-de-privacidad\/","og_site_name":"Colin Vega Fletes","article_modified_time":"2024-01-04T22:41:19+00:00","twitter_card":"summary_large_image","twitter_misc":{"Tiempo de lectura":"9 minutos"},"schema":{"@context":"https:\/\/schema.org","@graph":[{"@type":"WebPage","@id":"https:\/\/colinvegafletes.com\/english\/aviso-de-privacidad\/","url":"https:\/\/colinvegafletes.com\/english\/aviso-de-privacidad\/","name":"Consulta nuestro Aviso de Privacidad | Colin Vega Fletes","isPartOf":{"@id":"https:\/\/colinvegafletes.com\/english\/#website"},"datePublished":"2021-01-28T01:34:55+00:00","dateModified":"2024-01-04T22:41:19+00:00","description":"Colin Vega Fletes cuenta con dos ubicaciones estrat\u00e9gicas en Ciudad de M\u00e9xico y Madrid, Espa\u00f1a consulta el aviso de privacidad aqu\u00ed.","inLanguage":"es","potentialAction":[{"@type":"ReadAction","target":["https:\/\/colinvegafletes.com\/english\/aviso-de-privacidad\/"]}]},{"@type":"WebSite","@id":"https:\/\/colinvegafletes.com\/english\/#website","url":"https:\/\/colinvegafletes.com\/english\/","name":"Colin Vega Fletes","description":"Colin Vega Fletes es un despacho de abogados en el sector asegurador y reasegurador en M\u00e9xico y Madrid","publisher":{"@id":"https:\/\/colinvegafletes.com\/english\/#organization"},"potentialAction":[{"@type":"SearchAction","target":{"@type":"EntryPoint","urlTemplate":"https:\/\/colinvegafletes.com\/english\/?s={search_term_string}"},"query-input":{"@type":"PropertyValueSpecification","valueRequired":true,"valueName":"search_term_string"}}],"inLanguage":"es"},{"@type":"Organization","@id":"https:\/\/colinvegafletes.com\/english\/#organization","name":"Colin Vega Fletes","url":"https:\/\/colinvegafletes.com\/english\/","logo":{"@type":"ImageObject","inLanguage":"es","@id":"https:\/\/colinvegafletes.com\/english\/#\/schema\/logo\/image\/","url":"https:\/\/colinvegafletes.com\/english\/wp-content\/uploads\/2021\/01\/logo-colin-vega.png","contentUrl":"https:\/\/colinvegafletes.com\/english\/wp-content\/uploads\/2021\/01\/logo-colin-vega.png","width":275,"height":40,"caption":"Colin Vega Fletes"},"image":{"@id":"https:\/\/colinvegafletes.com\/english\/#\/schema\/logo\/image\/"}}]}},"_links":{"self":[{"href":"https:\/\/colinvegafletes.com\/english\/wp-json\/wp\/v2\/pages\/957","targetHints":{"allow":["GET"]}}],"collection":[{"href":"https:\/\/colinvegafletes.com\/english\/wp-json\/wp\/v2\/pages"}],"about":[{"href":"https:\/\/colinvegafletes.com\/english\/wp-json\/wp\/v2\/types\/page"}],"author":[{"embeddable":true,"href":"https:\/\/colinvegafletes.com\/english\/wp-json\/wp\/v2\/users\/1"}],"replies":[{"embeddable":true,"href":"https:\/\/colinvegafletes.com\/english\/wp-json\/wp\/v2\/comments?post=957"}],"version-history":[{"count":16,"href":"https:\/\/colinvegafletes.com\/english\/wp-json\/wp\/v2\/pages\/957\/revisions"}],"predecessor-version":[{"id":7623,"href":"https:\/\/colinvegafletes.com\/english\/wp-json\/wp\/v2\/pages\/957\/revisions\/7623"}],"wp:attachment":[{"href":"https:\/\/colinvegafletes.com\/english\/wp-json\/wp\/v2\/media?parent=957"}],"curies":[{"name":"wp","href":"https:\/\/api.w.org\/{rel}","templated":true}]}}